{"id":83,"date":"2012-02-19T12:24:23","date_gmt":"2012-02-19T12:24:23","guid":{"rendered":"http:\/\/blog.birte-oldenburg.de\/?page_id=83"},"modified":"2013-09-11T09:36:38","modified_gmt":"2013-09-11T07:36:38","slug":"impressum","status":"publish","type":"page","link":"https:\/\/blog.birte-oldenburg.de\/?page_id=83","title":{"rendered":"Impressum"},"content":{"rendered":"<p style=\"text-align: justify;\">Birte Oldenburg<br \/>\nFunhofweg 1<br \/>\n22307 Hamburg<\/p>\n<p style=\"text-align: justify;\">Mobil: +49 151 58758866<\/p>\n<p>E-Mail: bo (@) birte-oldenburg.de<br \/>\nInternet: <a title=\"http:\/\/blog.birte-oldenburg.de\" href=\"http:\/\/blog.birte-oldenburg.de\">http:\/\/blog.birte-oldenburg.de<\/a><\/p>\n<p>Inhaltlich verantwortlich im Sinne des Presserechts und gem\u00e4\u00df \u00a7 55 Rundfunkstaatsvertrag: Birte Oldenburg, Funhofweg 1, 22307 Hamburg<\/p>\n<p>Haftungshinweis: Trotz sorgf\u00e4ltiger inhaltlicher Kontrolle \u00fcbernehme ich keine Haftung f\u00fcr die Inhalte externer Links. F\u00fcr den Inhalt der verlinkten Seiten sind ausschlie\u00dflich deren Betreiber verantwortlich.<\/p>\n<p>Copyright: Fotos in diesem Blog stehen, soweit nicht anders gekennzeichnet, unter der cc-Lizenz BY-NC-ND. Blogger, Journalisten und Therapeuten d\u00fcrfen die Fotos ebenfalls verwenden im Zusammenhang mit Berichterstattung \u00fcber den Schlaganfall. Meine Texte sind urheberrechtlich gesch\u00fctzt und d\u00fcrfen ohne mein schriftliches Einverst\u00e4ndnis nicht weiterverwendet werden.<\/p>\n<p>Bei Fragen oder f\u00fcr Absprachen au\u00dferhalb dieser Regelung twittert mich einfach kurz an. Dankesch\u00f6n.<\/p>\n","protected":false},"excerpt":{"rendered":"<p>Birte Oldenburg Funhofweg 1 22307 Hamburg Mobil: +49 151 58758866 E-Mail: bo (@) birte-oldenburg.de Internet: http:\/\/blog.birte-oldenburg.de Inhaltlich verantwortlich im Sinne des Presserechts und gem\u00e4\u00df \u00a7 55 Rundfunkstaatsvertrag: Birte Oldenburg, Funhofweg 1, 22307 Hamburg Haftungshinweis: Trotz sorgf\u00e4ltiger inhaltlicher Kontrolle \u00fcbernehme ich &hellip; <a href=\"https:\/\/blog.birte-oldenburg.de\/?page_id=83\">Weiterlesen <span class=\"meta-nav\">&rarr;<\/span><\/a><\/p>\n","protected":false},"author":3,"featured_media":0,"parent":0,"menu_order":4,"comment_status":"closed","ping_status":"closed","template":"","meta":[],"_links":{"self":[{"href":"https:\/\/blog.birte-oldenburg.de\/index.php?rest_route=\/wp\/v2\/pages\/83"}],"collection":[{"href":"https:\/\/blog.birte-oldenburg.de\/index.php?rest_route=\/wp\/v2\/pages"}],"about":[{"href":"https:\/\/blog.birte-oldenburg.de\/index.php?rest_route=\/wp\/v2\/types\/page"}],"author":[{"embeddable":true,"href":"https:\/\/blog.birte-oldenburg.de\/index.php?rest_route=\/wp\/v2\/users\/3"}],"replies":[{"embeddable":true,"href":"https:\/\/blog.birte-oldenburg.de\/index.php?rest_route=%2Fwp%2Fv2%2Fcomments&post=83"}],"version-history":[{"count":15,"href":"https:\/\/blog.birte-oldenburg.de\/index.php?rest_route=\/wp\/v2\/pages\/83\/revisions"}],"predecessor-version":[{"id":1246,"href":"https:\/\/blog.birte-oldenburg.de\/index.php?rest_route=\/wp\/v2\/pages\/83\/revisions\/1246"}],"wp:attachment":[{"href":"https:\/\/blog.birte-oldenburg.de\/index.php?rest_route=%2Fwp%2Fv2%2Fmedia&parent=83"}],"curies":[{"name":"wp","href":"https:\/\/api.w.org\/{rel}","templated":true}]}}